{"id":20,"date":"2015-09-24T08:28:56","date_gmt":"2015-09-24T08:28:56","guid":{"rendered":"http:\/\/greenhill.de\/?page_id=20"},"modified":"2024-07-18T16:56:28","modified_gmt":"2024-07-18T15:56:28","slug":"legal","status":"publish","type":"page","link":"https:\/\/greenhill.de\/?page_id=20","title":{"rendered":"Privacy"},"content":{"rendered":"<p><strong>Datenschutzerkl\u00e4rung der GreenHill Elektronik GmbH<\/strong><\/p>\n<ul>\n<li>1 Information \u00fcber die Erhebung personenbezogener Daten<\/li>\n<\/ul>\n<p>(1) Im Folgenden informieren wir \u00fcber die Erhebung personenbezogener Daten bei Nutzung unserer Website. Personenbezogene Daten sind alle Daten, die auf Sie pers\u00f6nlich beziehbar sind, z. B. Name, Adresse, E-Mail-Adressen, Nutzerverhalten.<\/p>\n<p>(2) Verantwortlicher gem. Art.\u00a04 Abs.\u00a07 EU-Datenschutz-Grundverordnung (DS-GVO) ist Alexander Tischer, Bahnhofstrasse 17 35305 Gr\u00fcnberg, info@greenhill.de.<\/p>\n<p>(3) Bei Ihrer Kontaktaufnahme mit uns per E-Mail werden die von Ihnen mitgeteilten Daten (Ihre E-Mail-Adresse, ggf. Ihr Name und Ihre Telefonnummer) von uns gespeichert, um Ihre Fragen zu beantworten. Die in diesem Zusammenhang anfallenden Daten l\u00f6schen wir, nachdem die Speicherung nicht mehr erforderlich ist, oder schr\u00e4nken die Verarbeitung ein, falls gesetzliche Aufbewahrungspflichten bestehen.<\/p>\n<p>(4) Falls wir f\u00fcr einzelne Funktionen unseres Angebots auf beauftragte Dienstleister zur\u00fcckgreifen, werden wir Sie untenstehend im Detail \u00fcber die jeweiligen Vorg\u00e4nge informieren. Dabei nennen wir auch die festgelegten Kriterien der Speicherdauer. Wir nutzen Ihre Daten nicht f\u00fcr werbliche Zwecke.<\/p>\n<ul>\n<li>2 Ihre Rechte<\/li>\n<\/ul>\n<p>(1) Sie haben gegen\u00fcber uns folgende Rechte hinsichtlich der Sie betreffenden personenbezogenen Daten:<\/p>\n<p>\u2013\u00a0\u00a0 Recht auf Auskunft,<\/p>\n<p>\u2013\u00a0\u00a0 Recht auf Berichtigung oder L\u00f6schung,<\/p>\n<p>\u2013\u00a0\u00a0 Recht auf Einschr\u00e4nkung der Verarbeitung,<\/p>\n<p>\u2013\u00a0\u00a0 Recht auf Widerspruch gegen die Verarbeitung,<\/p>\n<p>\u2013\u00a0\u00a0 Recht auf Daten\u00fcbertragbarkeit.<\/p>\n<p>(2) Sie haben zudem das Recht, sich bei einer Datenschutz-Aufsichtsbeh\u00f6rde \u00fcber die Verarbeitung Ihrer personenbezogenen Daten durch uns zu beschweren.<\/p>\n<ul>\n<li>3 Erhebung personenbezogener Daten bei Besuch unserer Website<\/li>\n<\/ul>\n<p>(1) Bei der blo\u00df informatorischen Nutzung der Website, also wenn Sie sich nicht registrieren oder uns anderweitig Informationen \u00fcbermitteln, erheben wir nur die personenbezogenen Daten, die Ihr Browser an unseren Server \u00fcbermittelt. Wenn Sie unsere Website betrachten m\u00f6chten, erheben wir die folgenden Daten, die f\u00fcr uns technisch erforderlich sind, um Ihnen unsere Website anzuzeigen und die Stabilit\u00e4t und Sicherheit zu gew\u00e4hrleisten (Rechtsgrundlage ist Art.\u00a06 Abs.\u00a01 S.\u00a01 lit. f DS-GVO):<\/p>\n<p>\u2013\u00a0\u00a0 IP-Adresse<\/p>\n<p>\u2013\u00a0\u00a0 Datum und Uhrzeit der Anfrage<\/p>\n<p>\u2013\u00a0\u00a0 Zeitzonendifferenz zur Greenwich Mean Time (GMT)<\/p>\n<p>\u2013\u00a0\u00a0 Inhalt der Anforderung (konkrete Seite)<\/p>\n<p>\u2013\u00a0\u00a0 Zugriffsstatus\/HTTP-Statuscode<\/p>\n<p>\u2013\u00a0\u00a0 jeweils \u00fcbertragene Datenmenge<\/p>\n<p>\u2013\u00a0\u00a0 Website, von der die Anforderung kommt<\/p>\n<p>\u2013\u00a0\u00a0 Browser<\/p>\n<p>\u2013\u00a0\u00a0 Betriebssystem und dessen Oberfl\u00e4che<\/p>\n<p>\u2013\u00a0\u00a0 Sprache und Version der Browsersoftware.<\/p>\n<p>(2) Zus\u00e4tzlich zu den zuvor genannten Daten werden bei Ihrer Nutzung unserer Website Cookies auf Ihrem Rechner gespeichert. Bei Cookies handelt es sich um kleine Textdateien, die auf Ihrer Festplatte dem von Ihnen verwendeten Browser zugeordnet gespeichert werden und durch welche der Stelle, die den Cookie setzt (hier durch uns), bestimmte Informationen zuflie\u00dfen. Cookies k\u00f6nnen keine Programme ausf\u00fchren oder Viren auf Ihren Computer \u00fcbertragen. Sie dienen dazu, das Internetangebot insgesamt nutzerfreundlicher und effektiver zu machen.<\/p>\n<p>(3) Einsatz von Cookies:<\/p>\n<ol>\n<li>a) Diese Website nutzt folgende Arten von Cookies, deren Umfang und Funktionsweise im Folgenden erl\u00e4utert werden:<\/li>\n<\/ol>\n<p>\u2013\u00a0\u00a0 Transiente Cookies (dazu b)<\/p>\n<p>\u2013\u00a0\u00a0 Persistente Cookies (dazu c).<\/p>\n<ol>\n<li>b) Transiente Cookies werden automatisiert gel\u00f6scht, wenn Sie den Browser schlie\u00dfen. Dazu z\u00e4hlen insbesondere die Session-Cookies. Diese speichern eine sogenannte Session-ID, mit welcher sich verschiedene Anfragen Ihres Browsers der gemeinsamen Sitzung zuordnen lassen. Dadurch kann Ihr Rechner wiedererkannt werden, wenn Sie auf unsere Website zur\u00fcckkehren. Die Session-Cookies werden gel\u00f6scht, wenn Sie sich ausloggen oder den Browser schlie\u00dfen.<\/li>\n<li>c) Persistente Cookies werden automatisiert nach einer vorgegebenen Dauer gel\u00f6scht, die sich je nach Cookie unterscheiden kann. Sie k\u00f6nnen die Cookies in den Sicherheitseinstellungen Ihres Browsers jederzeit l\u00f6schen.<\/li>\n<li>d) Sie k\u00f6nnen Ihre Browser-Einstellung entsprechend Ihren W\u00fcnschen konfigurieren und z. B. die Annahme von Third-Party-Cookies oder allen Cookies ablehnen. Wir weisen Sie darauf hin, dass Sie eventuell nicht alle Funktionen dieser Website nutzen k\u00f6nnen.<\/li>\n<li>e) Wir setzen Cookies ein, um Sie f\u00fcr Folgebesuche identifizieren zu k\u00f6nnen, falls Sie \u00fcber einen Account bei uns verf\u00fcgen. Andernfalls m\u00fcssten Sie sich f\u00fcr jeden Besuch erneut einloggen.<\/li>\n<li>f) Die genutzten Flash-Cookies werden nicht durch Ihren Browser erfasst, sondern durch Ihr Flash-Plug-in. Weiterhin nutzen wir HTML5 storage objects, die auf Ihrem Endger\u00e4t abgelegt werden. Diese Objekte speichern die erforderlichen Daten unabh\u00e4ngig von Ihrem verwendeten Browser und haben kein automatisches Ablaufdatum. Wenn Sie keine Verarbeitung der Flash-Cookies w\u00fcnschen, m\u00fcssen Sie ein entsprechendes Add-On installieren, z. B. \u201eBetter Privacy\u201c f\u00fcr Mozilla Firefox (https:\/\/addons.mozilla.org\/de\/firefox\/addon\/betterprivacy\/) oder das Adobe-Flash-Killer-Cookie f\u00fcr Google Chrome. Die Nutzung von HTML5 storage objects k\u00f6nnen Sie verhindern, indem Sie in Ihrem Browser den privaten Modus einsetzen. Zudem empfehlen wir, regelm\u00e4\u00dfig Ihre Cookies und den Browser-Verlauf manuell zu l\u00f6schen.<\/li>\n<\/ol>\n<ul>\n<li>4 Weitere Funktionen und Angebote unserer Website<\/li>\n<\/ul>\n<p>(1) Unsere Website dient der rein informatorischen Nutzung.<\/p>\n<p>(2) Teilweise bedienen wir uns zur Verarbeitung Ihrer Daten externer Dienstleister. Diese wurden von uns sorgf\u00e4ltig ausgew\u00e4hlt und beauftragt, sind an unsere Weisungen gebunden und werden regelm\u00e4\u00dfig kontrolliert.<\/p>\n<p>(3) Soweit unsere Dienstleister oder Partner ihren Sitz in einem Staat au\u00dferhalb des Europ\u00e4ischen Wirtschaftsraumen (EWR) haben, informieren wir Sie \u00fcber die Folgen dieses Umstands in der Beschreibung des Angebotes.<\/p>\n<ul>\n<li>5 Widerspruch oder Widerruf gegen die Verarbeitung Ihrer Daten<\/li>\n<\/ul>\n<p>(1) Falls Sie eine Einwilligung zur Verarbeitung Ihrer Daten erteilt haben, k\u00f6nnen Sie diese jederzeit widerrufen. Ein solcher Widerruf beeinflusst die Zul\u00e4ssigkeit der Verarbeitung Ihrer personenbezogenen Daten, nachdem Sie ihn gegen\u00fcber uns ausgesprochen haben.<\/p>\n<p>(2) Soweit wir die Verarbeitung Ihrer personenbezogenen Daten auf die Interessenabw\u00e4gung st\u00fctzen, k\u00f6nnen Sie Widerspruch gegen die Verarbeitung einlegen. Dies ist der Fall, wenn die Verarbeitung insbesondere nicht zur Erf\u00fcllung eines Vertrags mit Ihnen erforderlich ist, was von uns jeweils bei der nachfolgenden Beschreibung der Funktionen dargestellt wird. Bei Aus\u00fcbung eines solchen Widerspruchs bitten wir um Darlegung der Gr\u00fcnde, weshalb wir Ihre personenbezogenen Daten nicht wie von uns durchgef\u00fchrt verarbeiten sollten. Im Falle Ihres begr\u00fcndeten Widerspruchs pr\u00fcfen wir die Sachlage und werden entweder die Datenverarbeitung einstellen bzw. anpassen oder Ihnen unsere zwingenden schutzw\u00fcrdigen Gr\u00fcnde aufzeigen, aufgrund derer wir die Verarbeitung fortf\u00fchren.<\/p>\n<p>(3) Selbstverst\u00e4ndlich k\u00f6nnen Sie der Verarbeitung Ihrer personenbezogenen Daten f\u00fcr Zwecke der Werbung und Datenanalyse jederzeit widersprechen. \u00dcber Ihren Werbewiderspruch k\u00f6nnen Sie uns unter folgenden Kontaktdaten informieren: Alexander Tischer, Bahnhofstrasse 17 35305 Gr\u00fcnberg, info@greenhill.de.<\/p>\n<p>GreenHill Elektronik GmbH<\/p>\n<p>Gr\u00fcnberg, 24. Mai 2018<\/p>\n<p><strong>\u00a0<\/strong><\/p>\n","protected":false},"excerpt":{"rendered":"<p>Datenschutzerkl\u00e4rung der GreenHill Elektronik GmbH 1 Information \u00fcber die Erhebung personenbezogener Daten (1) Im Folgenden informieren wir \u00fcber die Erhebung personenbezogener Daten bei Nutzung unserer Website. Personenbezogene Daten sind alle Daten, die auf Sie pers\u00f6nlich beziehbar sind, z. B. Name, Adresse, E-Mail-Adressen, Nutzerverhalten. (2) Verantwortlicher gem. Art.\u00a04 Abs.\u00a07 EU-Datenschutz-Grundverordnung (DS-GVO) ist Alexander Tischer, Bahnhofstrasse 17 &#8230; <a title=\"Privacy\" class=\"read-more\" href=\"https:\/\/greenhill.de\/?page_id=20\" aria-label=\"Read more about Privacy\">Read more<\/a><\/p>\n","protected":false},"author":1,"featured_media":0,"parent":0,"menu_order":6,"comment_status":"closed","ping_status":"closed","template":"","meta":{"footnotes":""},"class_list":["post-20","page","type-page","status-publish"],"_links":{"self":[{"href":"https:\/\/greenhill.de\/index.php?rest_route=\/wp\/v2\/pages\/20","targetHints":{"allow":["GET"]}}],"collection":[{"href":"https:\/\/greenhill.de\/index.php?rest_route=\/wp\/v2\/pages"}],"about":[{"href":"https:\/\/greenhill.de\/index.php?rest_route=\/wp\/v2\/types\/page"}],"author":[{"embeddable":true,"href":"https:\/\/greenhill.de\/index.php?rest_route=\/wp\/v2\/users\/1"}],"replies":[{"embeddable":true,"href":"https:\/\/greenhill.de\/index.php?rest_route=%2Fwp%2Fv2%2Fcomments&post=20"}],"version-history":[{"count":5,"href":"https:\/\/greenhill.de\/index.php?rest_route=\/wp\/v2\/pages\/20\/revisions"}],"predecessor-version":[{"id":41,"href":"https:\/\/greenhill.de\/index.php?rest_route=\/wp\/v2\/pages\/20\/revisions\/41"}],"wp:attachment":[{"href":"https:\/\/greenhill.de\/index.php?rest_route=%2Fwp%2Fv2%2Fmedia&parent=20"}],"curies":[{"name":"wp","href":"https:\/\/api.w.org\/{rel}","templated":true}]}}